{"id":11915,"date":"2018-11-11T20:53:12","date_gmt":"2018-11-11T20:53:12","guid":{"rendered":"http:\/\/soeurs-de-stgildas-nantes.cef.fr\/?page_id=11915"},"modified":"2019-01-16T09:03:18","modified_gmt":"2019-01-16T09:03:18","slug":"les-soeurs-de-saint-gildas-pendant-la-guerre-14-18","status":"publish","type":"page","link":"https:\/\/soeurs-de-stgildas-nantes.cef.fr\/?page_id=11915","title":{"rendered":"Les soeurs de Saint-Gildas pendant la guerre 14-18"},"content":{"rendered":"<div class=\"entry\">\n<p><strong><span style=\"font-size: 14pt;\">11 Novembre 2018 : nous nous souvenons !<\/span><br \/>\n<\/strong><\/p>\n<table>\n<tbody>\n<tr>\n<td>En 1914, la premi\u00e8re ambulance<\/p>\n<p>confi\u00e9e aux Soeurs<\/p>\n<p>de Saint-Gildas<\/p>\n<p>fut celle de Saint-Nazaire;<\/p>\n<p>le 4 ao\u00fbt, un t\u00e9l\u00e9gramme rappelait<\/p>\n<p>les soeurs du dipensaire;<\/p>\n<p>elles devaient pr\u00e9parer 301 lits<\/p>\n<p>\u00e0 l\u2019h\u00f4pital auxiliaire \u2026<\/p>\n<p>o\u00f9 exer\u00e7ait Marie-Rose GUILLE,<\/p>\n<p><strong><br \/>\n<span style=\"color: #ffffff;\">\u00a0\u2014<\/span> Soeur Marguerite-Marie<\/strong>;<\/p>\n<p>elle y sera jusqu\u2019en f\u00e9vrier 1919 !<\/p>\n<p><span style=\"color: #ffffff;\">\u2014<\/span><\/p>\n<p><em><br \/>\n<\/em><\/td>\n<td>&nbsp;<\/p>\n<p><a class=\"shutterset\" href=\"http:\/\/soeurs-de-stgildas-nantes.cef.fr\/wp-content\/uploads\/2018\/11\/Soeur-Marguerite.png\"><img loading=\"lazy\" decoding=\"async\" class=\"alignnone size-full wp-image-11924\" src=\"http:\/\/soeurs-de-stgildas-nantes.cef.fr\/wp-content\/uploads\/2018\/11\/Soeur-Marguerite.png\" alt=\"\" width=\"275\" height=\"260\" \/><\/a><\/p>\n<p style=\"text-align: center;\">Apr\u00e8s une longue vie,<\/p>\n<p style=\"text-align: center;\">o\u00f9 elle a exerc\u00e9 son m\u00e9tier de<\/p>\n<p style=\"text-align: center;\">\u00ab\u00a0pharmacienne-infirmi\u00e8re\u00a0\u00bb<\/p>\n<p style=\"text-align: center;\">aupr\u00e8s des Soeurs de la congr\u00e9gation,<\/p>\n<p style=\"text-align: center;\">Soeur Marguerite<\/p>\n<p style=\"text-align: center;\">a rejoint la maison du P\u00e8re<\/p>\n<p style=\"text-align: center;\">le 07-09-1885.<\/p>\n<\/td>\n<\/tr>\n<\/tbody>\n<\/table>\n<p>&nbsp;<\/p>\n<p><strong>Le 9 ao\u00fbt 1914<\/strong>, Soeur Saint-Charles, Premi\u00e8re Assistante, \u00e9crit au G\u00e9n\u00e9ral commandant la place de Nantes :<\/p>\n<p>\u00ab\u00a0<em>J\u2019ai l\u2019honneur de vous informer que la Communaut\u00e9 des Soeurs Hospitali\u00e8res de Saint-Gildas<\/em> <em>met \u00e0 la disposition de l\u2019Administration 50 lits pour les soldats bless\u00e9s ou malades \u2026<\/em><\/p>\n<p><em>La Communaut\u00e9 ne demande aucun secours officiel et serait heureuse de se d\u00e9vouer\u00a0 pour nos chers soldats bless\u00e9s\u2026\u00a0\u00bb<\/em><\/p>\n<\/div>\n<p><span style=\"color: #0000ff;\"><strong>Participation de la Congr\u00e9gation \u00e0 l&rsquo;effort national<\/strong><\/span><\/p>\n<p>D\u00e8s le d\u00e9but d&rsquo;ao\u00fbt 1914,<\/p>\n<p>les soeurs du dispensaire de <strong>Saint-Nazaire<\/strong> 1914<strong>, dont<\/strong> <strong>Soeur Marguerite-Marie,<\/strong><\/p>\n<p>sont sur place et \u00ab\u00a0rendent les plus grands services aux malades et bless\u00e9s\u00a0\u00bb.<\/p>\n<p>Voici ce qu&rsquo;\u00e9crit le m\u00e9decin chef du service au sujet de Soeur Marguerite:<\/p>\n<p>\u00ab\u00a0<em>a accompli ses fonctions avec un z\u00e8le et un d\u00e9vouement inlassable et une comp\u00e9tence parfaite&#8230; <\/em><\/p>\n<p><em>Infirmi\u00e8re remarquable \u00e0 tous les points de vue.\u00a0\u00bb<\/em><\/p>\n<p>A Blain, Vertou, Missillac, Mouchamps, Savenay, Nantes, et en de nombreux autres lieux,<\/p>\n<p>des Soeurs se d\u00e9vouent avec courage et comp\u00e9tence au service des soldats bless\u00e9s !<\/p>\n<p>Et bien s\u00fbr \u00e0 <strong>Saint-Gildas<\/strong>, apr\u00e8s la proposition de\u00a0 Soeur Saint-Charles.<\/p>\n<p>La Commission de Centralisation des secours r\u00e9pond d\u00e8s le 11 ao\u00fbt :<\/p>\n<p><em>pour remercier \u00ab\u00a0sinc\u00e8rement de votre patriotique concours &#8230;\u00a0\u00bb<\/em><\/p>\n<p>Au total, 420 soldats ont \u00e9t\u00e9 soign\u00e9s \u00e0 Saint-Gildas des Bois,<\/p>\n<p>de septembre 1914 \u00e0 ao\u00fbt 1917.<\/p>\n<p><span style=\"color: #0000ff;\">Quelle audacieuse g\u00e9n\u00e9rosit\u00e9, digne du P\u00e8re DESHAYES !<\/span><\/p>\n<p><span style=\"color: #0000ff;\">Exemple pour nous aujourd&rsquo;hui ?<br \/>\n<\/span><\/p>\n<table style=\"height: 49px;\" width=\"514\">\n<tbody>\n<tr>\n<td style=\"width: 249px;\"><span style=\"color: #0000ff;\"><a href=\"http:\/\/soeurs-de-stgildas-nantes.cef.fr\/wp-content\/uploads\/2018\/11\/Place-11-Nov..png\"><img loading=\"lazy\" decoding=\"async\" class=\"alignnone wp-image-11938 size-medium\" src=\"http:\/\/soeurs-de-stgildas-nantes.cef.fr\/wp-content\/uploads\/2018\/11\/Place-11-Nov.-300x138.png\" alt=\"\" width=\"300\" height=\"138\" srcset=\"https:\/\/soeurs-de-stgildas-nantes.cef.fr\/wp-content\/uploads\/2018\/11\/Place-11-Nov.-300x138.png 300w, https:\/\/soeurs-de-stgildas-nantes.cef.fr\/wp-content\/uploads\/2018\/11\/Place-11-Nov.-768x354.png 768w, https:\/\/soeurs-de-stgildas-nantes.cef.fr\/wp-content\/uploads\/2018\/11\/Place-11-Nov..png 771w\" sizes=\"auto, (max-width: 300px) 100vw, 300px\" \/><\/a><\/span><\/td>\n<td style=\"width: 249px;\"><span style=\"color: #0000ff;\"><a href=\"http:\/\/soeurs-de-stgildas-nantes.cef.fr\/wp-content\/uploads\/2018\/11\/IMG_0037.jpg\"><img loading=\"lazy\" decoding=\"async\" class=\"alignnone wp-image-11939 size-medium\" src=\"http:\/\/soeurs-de-stgildas-nantes.cef.fr\/wp-content\/uploads\/2018\/11\/IMG_0037-300x169.jpg\" alt=\"\" width=\"300\" height=\"169\" srcset=\"https:\/\/soeurs-de-stgildas-nantes.cef.fr\/wp-content\/uploads\/2018\/11\/IMG_0037-300x169.jpg 300w, https:\/\/soeurs-de-stgildas-nantes.cef.fr\/wp-content\/uploads\/2018\/11\/IMG_0037.jpg 519w\" sizes=\"auto, (max-width: 300px) 100vw, 300px\" \/><\/a><\/span><\/td>\n<\/tr>\n<\/tbody>\n<\/table>\n<p><strong><span style=\"color: #993366;\">11 Novembre 2018 \u00e0 Saint-Gildas<\/span> <\/strong><\/p>\n<p>Comm\u00e9moration et exposition ont permis aux habitants de se souvenir,<\/p>\n<p>et peut-\u00eatre de s&rsquo;engager \u00e0 oeuvrer pour la PAIX !<\/p>\n<table style=\"height: 107px;\" width=\"502\">\n<tbody>\n<tr>\n<td style=\"width: 243px;\"><a href=\"http:\/\/soeurs-de-stgildas-nantes.cef.fr\/wp-content\/uploads\/2018\/11\/Sans-titre.png\"><img loading=\"lazy\" decoding=\"async\" class=\"alignnone size-full wp-image-11949\" src=\"http:\/\/soeurs-de-stgildas-nantes.cef.fr\/wp-content\/uploads\/2018\/11\/Sans-titre.png\" alt=\"\" width=\"288\" height=\"469\" srcset=\"https:\/\/soeurs-de-stgildas-nantes.cef.fr\/wp-content\/uploads\/2018\/11\/Sans-titre.png 288w, https:\/\/soeurs-de-stgildas-nantes.cef.fr\/wp-content\/uploads\/2018\/11\/Sans-titre-184x300.png 184w\" sizes=\"auto, (max-width: 288px) 100vw, 288px\" \/><\/a><\/td>\n<td style=\"width: 243px;\"><a href=\"http:\/\/soeurs-de-stgildas-nantes.cef.fr\/wp-content\/uploads\/2018\/11\/IMG_0045.jpg\"><img loading=\"lazy\" decoding=\"async\" class=\"wp-image-11951 aligncenter\" src=\"http:\/\/soeurs-de-stgildas-nantes.cef.fr\/wp-content\/uploads\/2018\/11\/IMG_0045.jpg\" alt=\"\" width=\"223\" height=\"396\" srcset=\"https:\/\/soeurs-de-stgildas-nantes.cef.fr\/wp-content\/uploads\/2018\/11\/IMG_0045.jpg 292w, https:\/\/soeurs-de-stgildas-nantes.cef.fr\/wp-content\/uploads\/2018\/11\/IMG_0045-169x300.jpg 169w\" sizes=\"auto, (max-width: 223px) 100vw, 223px\" \/><\/a><\/td>\n<\/tr>\n<\/tbody>\n<\/table>\n<p><span style=\"color: #ffffff;\"><span style=\"color: #000000;\">Ces 2 bouquets ont comme vases 2 obus datant de la guerre 14-18 :<\/span><br \/>\n<\/span><\/p>\n<p style=\"text-align: left;\">m\u00e9moire et pri\u00e8re en ce jour de r\u00e9conciliation !<\/p>\n<p>&nbsp;<\/p>\n","protected":false},"excerpt":{"rendered":"<p>11 Novembre 2018 : nous nous souvenons ! En 1914, la premi\u00e8re ambulance confi\u00e9e aux Soeurs de Saint-Gildas fut celle de Saint-Nazaire; le 4 ao\u00fbt, un t\u00e9l\u00e9gramme rappelait les soeurs du dipensaire; elles devaient pr\u00e9parer 301 lits \u00e0 l\u2019h\u00f4pital auxiliaire \u2026 o\u00f9 exer\u00e7ait Marie-Rose GUILLE, \u00a0\u2014 Soeur Marguerite-Marie; elle y sera jusqu\u2019en f\u00e9vrier 1919 ! [&hellip;]<\/p>\n","protected":false},"author":6,"featured_media":0,"parent":132,"menu_order":1,"comment_status":"closed","ping_status":"closed","template":"","meta":{"ngg_post_thumbnail":0,"footnotes":""},"class_list":["post-11915","page","type-page","status-publish","hentry"],"_links":{"self":[{"href":"https:\/\/soeurs-de-stgildas-nantes.cef.fr\/index.php?rest_route=\/wp\/v2\/pages\/11915","targetHints":{"allow":["GET"]}}],"collection":[{"href":"https:\/\/soeurs-de-stgildas-nantes.cef.fr\/index.php?rest_route=\/wp\/v2\/pages"}],"about":[{"href":"https:\/\/soeurs-de-stgildas-nantes.cef.fr\/index.php?rest_route=\/wp\/v2\/types\/page"}],"author":[{"embeddable":true,"href":"https:\/\/soeurs-de-stgildas-nantes.cef.fr\/index.php?rest_route=\/wp\/v2\/users\/6"}],"replies":[{"embeddable":true,"href":"https:\/\/soeurs-de-stgildas-nantes.cef.fr\/index.php?rest_route=%2Fwp%2Fv2%2Fcomments&post=11915"}],"version-history":[{"count":18,"href":"https:\/\/soeurs-de-stgildas-nantes.cef.fr\/index.php?rest_route=\/wp\/v2\/pages\/11915\/revisions"}],"predecessor-version":[{"id":12176,"href":"https:\/\/soeurs-de-stgildas-nantes.cef.fr\/index.php?rest_route=\/wp\/v2\/pages\/11915\/revisions\/12176"}],"up":[{"embeddable":true,"href":"https:\/\/soeurs-de-stgildas-nantes.cef.fr\/index.php?rest_route=\/wp\/v2\/pages\/132"}],"wp:attachment":[{"href":"https:\/\/soeurs-de-stgildas-nantes.cef.fr\/index.php?rest_route=%2Fwp%2Fv2%2Fmedia&parent=11915"}],"curies":[{"name":"wp","href":"https:\/\/api.w.org\/{rel}","templated":true}]}}