{"id":11709,"date":"2018-09-05T19:57:46","date_gmt":"2018-09-05T19:57:46","guid":{"rendered":"http:\/\/soeurs-de-stgildas-nantes.cef.fr\/?page_id=11709"},"modified":"2019-03-26T13:54:25","modified_gmt":"2019-03-26T13:54:25","slug":"fete-patronale-des-soeurs-de-saint-gildas","status":"publish","type":"page","link":"https:\/\/soeurs-de-stgildas-nantes.cef.fr\/?page_id=11709","title":{"rendered":"F\u00eate patronale des Soeurs de Saint-Gildas"},"content":{"rendered":"<table style=\"height: 56px; width: 569.3px;\">\n<tbody>\n<tr>\n<td style=\"width: 301px;\"><span style=\"color: #0000ff;\"><strong><a href=\"http:\/\/soeurs-de-stgildas-nantes.cef.fr\/wp-content\/uploads\/2018\/09\/vierge-du-bois-ensemble.jpg\"><img loading=\"lazy\" decoding=\"async\" class=\"aligncenter wp-image-11711\" src=\"http:\/\/soeurs-de-stgildas-nantes.cef.fr\/wp-content\/uploads\/2018\/09\/vierge-du-bois-ensemble-225x300.jpg\" alt=\"\" width=\"308\" height=\"411\" srcset=\"https:\/\/soeurs-de-stgildas-nantes.cef.fr\/wp-content\/uploads\/2018\/09\/vierge-du-bois-ensemble-225x300.jpg 225w, https:\/\/soeurs-de-stgildas-nantes.cef.fr\/wp-content\/uploads\/2018\/09\/vierge-du-bois-ensemble-768x1024.jpg 768w, https:\/\/soeurs-de-stgildas-nantes.cef.fr\/wp-content\/uploads\/2018\/09\/vierge-du-bois-ensemble.jpg 922w\" sizes=\"auto, (max-width: 308px) 100vw, 308px\" \/><\/a><\/strong><\/span><\/p>\n<table width=\"527\">\n<tbody>\n<tr>\n<td><span style=\"color: #0000ff;\">Marie,<\/span><\/p>\n<p><span style=\"color: #0000ff;\">apprends-nous l&rsquo;\u00e9coute<\/span><\/p>\n<p><span style=\"color: #0000ff;\">et la disponibilit\u00e9<\/span><\/p>\n<p><span style=\"color: #0000ff;\">pour servir le projet d&rsquo;amour<\/span><\/p>\n<p><span style=\"color: #0000ff;\">du P\u00e8re pour l&rsquo;humanit\u00e9..<\/span><\/p>\n<p><span style=\"color: #0000ff;\">Apprends-nous la Foi audacieuse<\/span><\/p>\n<p><span style=\"color: #0000ff;\">de celles et ceux<\/span><\/p>\n<p><span style=\"color: #0000ff;\">qui nous ont marqu\u00e9 notre histoire<\/span><\/td>\n<td>\u00a0<a href=\"http:\/\/soeurs-de-stgildas-nantes.cef.fr\/wp-content\/uploads\/2018\/09\/titre.png\"><img loading=\"lazy\" decoding=\"async\" class=\"alignnone wp-image-11724\" src=\"http:\/\/soeurs-de-stgildas-nantes.cef.fr\/wp-content\/uploads\/2018\/09\/titre-150x150.png\" alt=\"\" width=\"253\" height=\"253\" \/><\/a><\/td>\n<\/tr>\n<\/tbody>\n<\/table>\n<\/td>\n<\/tr>\n<tr>\n<td style=\"width: 301px;\">\n<p style=\"text-align: center;\"><span style=\"color: #0000ff;\">D\u00e8s les commencements de l&rsquo;Institut,<\/span><\/p>\n<p style=\"text-align: center;\"><span style=\"color: #0000ff;\">Marie a pris place <\/span><\/p>\n<p style=\"text-align: center;\"><span style=\"color: #0000ff;\">dans le coeur et la pri\u00e8re<\/span><\/p>\n<p style=\"text-align: center;\"><span style=\"color: #0000ff;\">de la petite communaut\u00e9 de Beignon.<\/span><\/p>\n<p style=\"text-align: center;\"><span style=\"color: #0000ff;\">Pour les Soeurs,<\/span><\/p>\n<p style=\"text-align: center;\"><span style=\"color: #0000ff;\">se tourner ver Marie,<\/span><\/p>\n<p style=\"text-align: center;\"><span style=\"color: #0000ff;\">se mettre sous sa protection,<\/span><\/p>\n<p style=\"text-align: center;\"><span style=\"color: #0000ff;\">accueillir l&rsquo;exemple de sa vie,<\/span><\/p>\n<p style=\"text-align: center;\"><span style=\"color: #0000ff;\">sont autant d&rsquo;exemples qui vont de soi.<\/span><\/p>\n<\/td>\n<\/tr>\n<\/tbody>\n<\/table>\n<p>C&rsquo;est peut-\u00eatre pour ces raisons qu&rsquo;il y a beaucoup de statues de Marie<\/p>\n<p>\u00e0 la Maison-M\u00e8re et aussi dans les diff\u00e9rentes communaut\u00e9s !<\/p>\n<p>&nbsp;<\/p>\n<div style=\"text-align: center;\">\n<div style=\"margin: 8px 0px 4px;\"><a href=\"https:\/\/www.calameo.com\/books\/0025292388101b63f3e80\" target=\"_blank\" rel=\"noopener\">Statues De Marie \u00e0 La Maison M\u00e8re<\/a><\/div>\n<p><iframe loading=\"lazy\" style=\"margin: 0 auto;\" src=\"\/\/v.calameo.com\/?bkcode=0025292388101b63f3e80&amp;mode=mini\" width=\"480\" height=\"300\" frameborder=\"0\" scrolling=\"no\" allowfullscreen=\"allowfullscreen\"><\/iframe><\/p>\n<div style=\"margin: 4px 0px 8px;\"><\/div>\n<\/div>\n","protected":false},"excerpt":{"rendered":"<p>Marie, apprends-nous l&rsquo;\u00e9coute et la disponibilit\u00e9 pour servir le projet d&rsquo;amour du P\u00e8re pour l&rsquo;humanit\u00e9.. Apprends-nous la Foi audacieuse de celles et ceux qui nous ont marqu\u00e9 notre histoire \u00a0 D\u00e8s les commencements de l&rsquo;Institut, Marie a pris place dans le coeur et la pri\u00e8re de la petite communaut\u00e9 de Beignon. Pour les Soeurs, se [&hellip;]<\/p>\n","protected":false},"author":6,"featured_media":0,"parent":0,"menu_order":0,"comment_status":"closed","ping_status":"closed","template":"","meta":{"ngg_post_thumbnail":0,"footnotes":""},"class_list":["post-11709","page","type-page","status-publish","hentry"],"_links":{"self":[{"href":"https:\/\/soeurs-de-stgildas-nantes.cef.fr\/index.php?rest_route=\/wp\/v2\/pages\/11709","targetHints":{"allow":["GET"]}}],"collection":[{"href":"https:\/\/soeurs-de-stgildas-nantes.cef.fr\/index.php?rest_route=\/wp\/v2\/pages"}],"about":[{"href":"https:\/\/soeurs-de-stgildas-nantes.cef.fr\/index.php?rest_route=\/wp\/v2\/types\/page"}],"author":[{"embeddable":true,"href":"https:\/\/soeurs-de-stgildas-nantes.cef.fr\/index.php?rest_route=\/wp\/v2\/users\/6"}],"replies":[{"embeddable":true,"href":"https:\/\/soeurs-de-stgildas-nantes.cef.fr\/index.php?rest_route=%2Fwp%2Fv2%2Fcomments&post=11709"}],"version-history":[{"count":10,"href":"https:\/\/soeurs-de-stgildas-nantes.cef.fr\/index.php?rest_route=\/wp\/v2\/pages\/11709\/revisions"}],"predecessor-version":[{"id":12416,"href":"https:\/\/soeurs-de-stgildas-nantes.cef.fr\/index.php?rest_route=\/wp\/v2\/pages\/11709\/revisions\/12416"}],"wp:attachment":[{"href":"https:\/\/soeurs-de-stgildas-nantes.cef.fr\/index.php?rest_route=%2Fwp%2Fv2%2Fmedia&parent=11709"}],"curies":[{"name":"wp","href":"https:\/\/api.w.org\/{rel}","templated":true}]}}