{"id":11681,"date":"2018-09-05T10:24:26","date_gmt":"2018-09-05T10:24:26","guid":{"rendered":"http:\/\/soeurs-de-stgildas-nantes.cef.fr\/?page_id=11681"},"modified":"2019-01-26T13:17:10","modified_gmt":"2019-01-26T13:17:10","slug":"pour-remercier-monique","status":"publish","type":"page","link":"https:\/\/soeurs-de-stgildas-nantes.cef.fr\/?page_id=11681","title":{"rendered":"Pour remercier Monique"},"content":{"rendered":"<p>Lundi 3 septembre, toutes les soeurs de la Maison-M\u00e8re<\/p>\n<p><a class=\"shutterset\" href=\"http:\/\/soeurs-de-stgildas-nantes.cef.fr\/wp-content\/uploads\/2018\/09\/IMG_0146.jpg\"><img loading=\"lazy\" decoding=\"async\" class=\"size-medium wp-image-11673 alignleft\" src=\"http:\/\/soeurs-de-stgildas-nantes.cef.fr\/wp-content\/uploads\/2018\/09\/IMG_0146-300x169.jpg\" sizes=\"auto, (max-width: 300px) 100vw, 300px\" alt=\"\" width=\"300\" height=\"169\" srcset=\"https:\/\/soeurs-de-stgildas-nantes.cef.fr\/wp-content\/uploads\/2018\/09\/IMG_0146-300x169.jpg 300w, https:\/\/soeurs-de-stgildas-nantes.cef.fr\/wp-content\/uploads\/2018\/09\/IMG_0146-768x431.jpg 768w, https:\/\/soeurs-de-stgildas-nantes.cef.fr\/wp-content\/uploads\/2018\/09\/IMG_0146-1024x575.jpg 1024w\" \/><\/a><\/p>\n<p>&nbsp;<\/p>\n<p>(Abbaye et Maison Michelle Guillaume)<\/p>\n<p>se sont r\u00e9unies pour remercier <strong>Monique<\/strong>,<\/p>\n<p>infirmi\u00e8re comp\u00e9tente<\/p>\n<p>et toujours disponible depuis 1993 !<\/p>\n<p>Nous \u00e9tions pr\u00e8s de 120 pour dire MERCI<\/p>\n<p>et rappeler le \u00ab\u00a0grand parcours\u00a0\u00bb de l&rsquo;infirmi\u00e8re :<\/p>\n<table style=\"height: 59px;\" width=\"542\">\n<tbody>\n<tr>\n<td style=\"width: 263px;\"><a href=\"http:\/\/soeurs-de-stgildas-nantes.cef.fr\/wp-content\/uploads\/2018\/09\/IMG_0135.jpg\"><img loading=\"lazy\" decoding=\"async\" class=\"alignnone size-medium wp-image-11682\" src=\"http:\/\/soeurs-de-stgildas-nantes.cef.fr\/wp-content\/uploads\/2018\/09\/IMG_0135-300x169.jpg\" alt=\"\" width=\"300\" height=\"169\" srcset=\"https:\/\/soeurs-de-stgildas-nantes.cef.fr\/wp-content\/uploads\/2018\/09\/IMG_0135-300x169.jpg 300w, https:\/\/soeurs-de-stgildas-nantes.cef.fr\/wp-content\/uploads\/2018\/09\/IMG_0135-768x431.jpg 768w, https:\/\/soeurs-de-stgildas-nantes.cef.fr\/wp-content\/uploads\/2018\/09\/IMG_0135-1024x575.jpg 1024w\" sizes=\"auto, (max-width: 300px) 100vw, 300px\" \/><\/a><\/td>\n<td style=\"width: 263px;\"><a href=\"http:\/\/soeurs-de-stgildas-nantes.cef.fr\/wp-content\/uploads\/2018\/09\/IMG_0137.jpg\"><img loading=\"lazy\" decoding=\"async\" class=\"alignnone size-medium wp-image-11683\" src=\"http:\/\/soeurs-de-stgildas-nantes.cef.fr\/wp-content\/uploads\/2018\/09\/IMG_0137-300x169.jpg\" alt=\"\" width=\"300\" height=\"169\" srcset=\"https:\/\/soeurs-de-stgildas-nantes.cef.fr\/wp-content\/uploads\/2018\/09\/IMG_0137-300x169.jpg 300w, https:\/\/soeurs-de-stgildas-nantes.cef.fr\/wp-content\/uploads\/2018\/09\/IMG_0137-768x431.jpg 768w, https:\/\/soeurs-de-stgildas-nantes.cef.fr\/wp-content\/uploads\/2018\/09\/IMG_0137-1024x575.jpg 1024w\" sizes=\"auto, (max-width: 300px) 100vw, 300px\" \/><\/a><\/td>\n<\/tr>\n<tr>\n<td style=\"width: 263px;\"><a href=\"http:\/\/soeurs-de-stgildas-nantes.cef.fr\/wp-content\/uploads\/2018\/09\/IMG_0138.jpg\"><img loading=\"lazy\" decoding=\"async\" class=\"alignnone size-medium wp-image-11684\" src=\"http:\/\/soeurs-de-stgildas-nantes.cef.fr\/wp-content\/uploads\/2018\/09\/IMG_0138-300x169.jpg\" alt=\"\" width=\"300\" height=\"169\" srcset=\"https:\/\/soeurs-de-stgildas-nantes.cef.fr\/wp-content\/uploads\/2018\/09\/IMG_0138-300x169.jpg 300w, https:\/\/soeurs-de-stgildas-nantes.cef.fr\/wp-content\/uploads\/2018\/09\/IMG_0138-768x431.jpg 768w, https:\/\/soeurs-de-stgildas-nantes.cef.fr\/wp-content\/uploads\/2018\/09\/IMG_0138-1024x575.jpg 1024w\" sizes=\"auto, (max-width: 300px) 100vw, 300px\" \/><\/a><\/td>\n<td style=\"width: 263px;\"><a href=\"http:\/\/soeurs-de-stgildas-nantes.cef.fr\/wp-content\/uploads\/2018\/09\/IMG_0139.jpg\"><img loading=\"lazy\" decoding=\"async\" class=\"alignnone size-medium wp-image-11685\" src=\"http:\/\/soeurs-de-stgildas-nantes.cef.fr\/wp-content\/uploads\/2018\/09\/IMG_0139-300x169.jpg\" alt=\"\" width=\"300\" height=\"169\" srcset=\"https:\/\/soeurs-de-stgildas-nantes.cef.fr\/wp-content\/uploads\/2018\/09\/IMG_0139-300x169.jpg 300w, https:\/\/soeurs-de-stgildas-nantes.cef.fr\/wp-content\/uploads\/2018\/09\/IMG_0139-768x431.jpg 768w, https:\/\/soeurs-de-stgildas-nantes.cef.fr\/wp-content\/uploads\/2018\/09\/IMG_0139-1024x575.jpg 1024w\" sizes=\"auto, (max-width: 300px) 100vw, 300px\" \/><\/a><\/td>\n<\/tr>\n<\/tbody>\n<\/table>\n<p>visiter, soigner, veiller !&#8230;<\/p>\n<table style=\"height: 32px;\" width=\"546\">\n<tbody>\n<tr style=\"height: 212.3px;\">\n<td style=\"width: 265px; height: 212.3px;\">\u00a0<a href=\"http:\/\/soeurs-de-stgildas-nantes.cef.fr\/wp-content\/uploads\/2018\/09\/Sans-titre.png\"><img loading=\"lazy\" decoding=\"async\" class=\"alignnone wp-image-11693\" src=\"http:\/\/soeurs-de-stgildas-nantes.cef.fr\/wp-content\/uploads\/2018\/09\/Sans-titre-150x150.png\" alt=\"\" width=\"236\" height=\"236\" \/><\/a><\/td>\n<td style=\"width: 265px; height: 212.3px;\">Grand service qui s&rsquo;ach\u00e8ve,<\/p>\n<p>nouvelle mission trac\u00e9e,<\/p>\n<p>Monique, l&rsquo;ancre se l\u00e8ve,<\/p>\n<p>la voile a \u00e9t\u00e9 hiss\u00e9e &#8230;<\/td>\n<\/tr>\n<\/tbody>\n<\/table>\n<p style=\"text-align: center;\"><span style=\"color: #0000ff; font-size: 14pt;\"><strong>MERCI MONIQUE !<\/strong><\/span><\/p>\n","protected":false},"excerpt":{"rendered":"<p>Lundi 3 septembre, toutes les soeurs de la Maison-M\u00e8re &nbsp; (Abbaye et Maison Michelle Guillaume) se sont r\u00e9unies pour remercier Monique, infirmi\u00e8re comp\u00e9tente et toujours disponible depuis 1993 ! Nous \u00e9tions pr\u00e8s de 120 pour dire MERCI et rappeler le \u00ab\u00a0grand parcours\u00a0\u00bb de l&rsquo;infirmi\u00e8re : visiter, soigner, veiller !&#8230; \u00a0 Grand service qui s&rsquo;ach\u00e8ve, nouvelle [&hellip;]<\/p>\n","protected":false},"author":6,"featured_media":0,"parent":0,"menu_order":0,"comment_status":"closed","ping_status":"closed","template":"","meta":{"ngg_post_thumbnail":0,"footnotes":""},"class_list":["post-11681","page","type-page","status-publish","hentry"],"_links":{"self":[{"href":"https:\/\/soeurs-de-stgildas-nantes.cef.fr\/index.php?rest_route=\/wp\/v2\/pages\/11681","targetHints":{"allow":["GET"]}}],"collection":[{"href":"https:\/\/soeurs-de-stgildas-nantes.cef.fr\/index.php?rest_route=\/wp\/v2\/pages"}],"about":[{"href":"https:\/\/soeurs-de-stgildas-nantes.cef.fr\/index.php?rest_route=\/wp\/v2\/types\/page"}],"author":[{"embeddable":true,"href":"https:\/\/soeurs-de-stgildas-nantes.cef.fr\/index.php?rest_route=\/wp\/v2\/users\/6"}],"replies":[{"embeddable":true,"href":"https:\/\/soeurs-de-stgildas-nantes.cef.fr\/index.php?rest_route=%2Fwp%2Fv2%2Fcomments&post=11681"}],"version-history":[{"count":5,"href":"https:\/\/soeurs-de-stgildas-nantes.cef.fr\/index.php?rest_route=\/wp\/v2\/pages\/11681\/revisions"}],"predecessor-version":[{"id":12184,"href":"https:\/\/soeurs-de-stgildas-nantes.cef.fr\/index.php?rest_route=\/wp\/v2\/pages\/11681\/revisions\/12184"}],"wp:attachment":[{"href":"https:\/\/soeurs-de-stgildas-nantes.cef.fr\/index.php?rest_route=%2Fwp%2Fv2%2Fmedia&parent=11681"}],"curies":[{"name":"wp","href":"https:\/\/api.w.org\/{rel}","templated":true}]}}