{"id":11591,"date":"2018-08-16T14:14:18","date_gmt":"2018-08-16T14:14:18","guid":{"rendered":"http:\/\/soeurs-de-stgildas-nantes.cef.fr\/?page_id=11591"},"modified":"2019-03-26T14:03:56","modified_gmt":"2019-03-26T14:03:56","slug":"15-aout-renouvellement-dengagement","status":"publish","type":"page","link":"https:\/\/soeurs-de-stgildas-nantes.cef.fr\/?page_id=11591","title":{"rendered":"15 Ao\u00fbt 2018 : renouvellement d&rsquo;engagement"},"content":{"rendered":"<p><span style=\"color: #0000ff;\"><strong>\u00ab\u00a0Marie, tu es b\u00e9nie entre toutes les femmes &#8230;\u00a0\u00bb<\/strong><\/span><\/p>\n<table>\n<tbody>\n<tr>\n<td><a href=\"http:\/\/soeurs-de-stgildas-nantes.cef.fr\/wp-content\/uploads\/2018\/08\/Marie.jpg\"><img loading=\"lazy\" decoding=\"async\" class=\"size-medium wp-image-11580 alignright\" src=\"http:\/\/soeurs-de-stgildas-nantes.cef.fr\/wp-content\/uploads\/2018\/08\/Marie-169x300.jpg\" alt=\"\" width=\"169\" height=\"300\" srcset=\"https:\/\/soeurs-de-stgildas-nantes.cef.fr\/wp-content\/uploads\/2018\/08\/Marie-169x300.jpg 169w, https:\/\/soeurs-de-stgildas-nantes.cef.fr\/wp-content\/uploads\/2018\/08\/Marie-575x1024.jpg 575w, https:\/\/soeurs-de-stgildas-nantes.cef.fr\/wp-content\/uploads\/2018\/08\/Marie.jpg 728w\" sizes=\"auto, (max-width: 169px) 100vw, 169px\" \/><\/a><\/td>\n<td><span style=\"color: #0000ff;\"><em><strong>Tendre Marie de Nazareth,<\/strong><\/em><\/span><\/p>\n<p><span style=\"color: #0000ff;\"><em><strong>Toi la M\u00e8re de J\u00e9sus,<\/strong><\/em><\/span><\/p>\n<p><span style=\"color: #0000ff;\"><em><strong>guide nos pas vers le Vivant, <\/strong><\/em><\/span><\/p>\n<p><span style=\"color: #0000ff;\"><em><strong>celui qui donne le salut !<\/strong><\/em><\/span><\/td>\n<\/tr>\n<\/tbody>\n<\/table>\n<p><span style=\"color: #0000ff;\">Enfant b\u00e9nie du peuple d&rsquo;Abraham, tendre Marie,<\/span><\/p>\n<p><span style=\"color: #0000ff;\">nous t&rsquo;honorons, beau fruit de Palestine, douce Marie;<\/span><\/p>\n<p><span style=\"color: #0000ff;\">ton coeur s&rsquo;\u00e9veille au Dieu de l&rsquo;impossible, tendre Marie,<\/span><\/p>\n<p><span style=\"color: #0000ff;\">\u00e0 son appel, bient\u00f4t tu r\u00e9pondras, douce Marie!<\/span><\/p>\n<p><span style=\"color: #ffffff;\">&#8212;<\/span><\/p>\n<p><span style=\"color: #0000ff;\">Tu es pr\u00e9sente au plus secret des coeurs, tendre Marie,<\/span><\/p>\n<p><span style=\"color: #0000ff;\">nous t&rsquo;honorons pour tous les vigilants, douce Marie;<\/span><\/p>\n<p><span style=\"color: #0000ff;\">b\u00e9ni soit Dieu pour tous les vivants, tendre Marie,<\/span><\/p>\n<p><span style=\"color: #0000ff;\">porteurs d&rsquo;eau vive et source de bonheur, douce Marie !<\/span><\/p>\n<p><span style=\"font-size: 8pt;\"><em>(Extrait d&rsquo;un cantique compos\u00e9 par Laurent Grzybowski )<\/em><\/span><\/p>\n<p>_______________________________________________<\/p>\n<p><strong><span style=\"color: #ff0000;\">Les Soeurs Africaines renouvellent leur engagement<\/span><\/strong><\/p>\n<p><strong>A Saint-Gildas<\/strong>, c\u00e9l\u00e9bration de r\u00e9novation des voeux temporaires des soeurs :<\/p>\n<p>Emmanuelle, Florence, Nad\u00e8ge, Nicole, Th\u00e8cle<\/p>\n<table style=\"height: 19px;\" width=\"547\">\n<tbody>\n<tr>\n<td style=\"width: 265.5px;\">\u00a0<a href=\"http:\/\/soeurs-de-stgildas-nantes.cef.fr\/wp-content\/uploads\/2018\/08\/DSC03767.jpg\"><img loading=\"lazy\" decoding=\"async\" class=\"alignnone size-medium wp-image-11593\" src=\"http:\/\/soeurs-de-stgildas-nantes.cef.fr\/wp-content\/uploads\/2018\/08\/DSC03767-300x225.jpg\" alt=\"\" width=\"300\" height=\"225\" srcset=\"https:\/\/soeurs-de-stgildas-nantes.cef.fr\/wp-content\/uploads\/2018\/08\/DSC03767-300x225.jpg 300w, https:\/\/soeurs-de-stgildas-nantes.cef.fr\/wp-content\/uploads\/2018\/08\/DSC03767-768x576.jpg 768w, https:\/\/soeurs-de-stgildas-nantes.cef.fr\/wp-content\/uploads\/2018\/08\/DSC03767-1024x768.jpg 1024w, https:\/\/soeurs-de-stgildas-nantes.cef.fr\/wp-content\/uploads\/2018\/08\/DSC03767.jpg 1556w\" sizes=\"auto, (max-width: 300px) 100vw, 300px\" \/><\/a><\/td>\n<td style=\"width: 265.5px;\">\u00a0<a href=\"http:\/\/soeurs-de-stgildas-nantes.cef.fr\/wp-content\/uploads\/2018\/08\/DSC03782.jpg\"><img loading=\"lazy\" decoding=\"async\" class=\"alignnone size-medium wp-image-11594\" src=\"http:\/\/soeurs-de-stgildas-nantes.cef.fr\/wp-content\/uploads\/2018\/08\/DSC03782-300x225.jpg\" alt=\"\" width=\"300\" height=\"225\" srcset=\"https:\/\/soeurs-de-stgildas-nantes.cef.fr\/wp-content\/uploads\/2018\/08\/DSC03782-300x225.jpg 300w, https:\/\/soeurs-de-stgildas-nantes.cef.fr\/wp-content\/uploads\/2018\/08\/DSC03782-768x576.jpg 768w, https:\/\/soeurs-de-stgildas-nantes.cef.fr\/wp-content\/uploads\/2018\/08\/DSC03782-1024x768.jpg 1024w, https:\/\/soeurs-de-stgildas-nantes.cef.fr\/wp-content\/uploads\/2018\/08\/DSC03782.jpg 1037w\" sizes=\"auto, (max-width: 300px) 100vw, 300px\" \/><\/a><\/td>\n<\/tr>\n<\/tbody>\n<\/table>\n<p>En union avec Ange-Ida, Marceline et Nadine<\/p>\n<p>qui renouvellent \u00e9galement leurs voeux <strong>au Burkina<\/strong>.<\/p>\n<p>Nous sommes en communion avec elles et les soeurs de la R\u00e9gion Afrique de l&rsquo;Ouest.<\/p>\n<table style=\"height: 41px; width: 548px;\">\n<tbody>\n<tr>\n<td style=\"width: 238px;\">Seigneur, regarde ces femmes<br \/>\nque tu as appel\u00e9es,<br \/>\ndans ton amour,<br \/>\n\u00e0 suivre les pas de ton Fils.<span style=\"color: #ffffff;\">&#8212;<\/span><span style=\"color: #ffffff;\">&#8212;<\/span><\/p>\n<p>Avec confiance, elles ont pris<br \/>\nle chemin qui m\u00e8ne \u00e0 Toi.<\/p>\n<p><span style=\"color: #ffffff;\">&#8212;<\/span><\/p>\n<p>Donne-leur la charit\u00e9<br \/>\ndont elles ont besoin<br \/>\npour y engager toute leur vie.<\/td>\n<td style=\"width: 294px;\">\u00a0<a href=\"http:\/\/soeurs-de-stgildas-nantes.cef.fr\/wp-content\/uploads\/2018\/08\/Sa1.png\"><img loading=\"lazy\" decoding=\"async\" class=\"alignnone size-medium wp-image-11599\" src=\"http:\/\/soeurs-de-stgildas-nantes.cef.fr\/wp-content\/uploads\/2018\/08\/Sa1-300x220.png\" alt=\"\" width=\"300\" height=\"220\" srcset=\"https:\/\/soeurs-de-stgildas-nantes.cef.fr\/wp-content\/uploads\/2018\/08\/Sa1-300x220.png 300w, https:\/\/soeurs-de-stgildas-nantes.cef.fr\/wp-content\/uploads\/2018\/08\/Sa1.png 753w\" sizes=\"auto, (max-width: 300px) 100vw, 300px\" \/><\/a><\/td>\n<\/tr>\n<\/tbody>\n<\/table>\n<p>Chant et danse (vid\u00e9o) pour la procession des offrandes<\/p>\n<p><a href=\"http:\/\/soeurs-de-stgildas-nantes.cef.fr\/wp-content\/uploads\/2018\/08\/MVI_1350.avi\"><strong><span style=\"color: #000000;\">MVI_1350<\/span><\/strong><\/a><\/p>\n<table style=\"height: 5px;\" width=\"550\">\n<tbody>\n<tr>\n<td style=\"width: 267px; text-align: center;\"><a href=\"http:\/\/soeurs-de-stgildas-nantes.cef.fr\/wp-content\/uploads\/2015\/05\/vierge-cloitre.jpg\"><img loading=\"lazy\" decoding=\"async\" class=\"alignnone size-medium wp-image-8771\" src=\"http:\/\/soeurs-de-stgildas-nantes.cef.fr\/wp-content\/uploads\/2015\/05\/vierge-cloitre-225x300.jpg\" alt=\"\" width=\"225\" height=\"300\" srcset=\"https:\/\/soeurs-de-stgildas-nantes.cef.fr\/wp-content\/uploads\/2015\/05\/vierge-cloitre-225x300.jpg 225w, https:\/\/soeurs-de-stgildas-nantes.cef.fr\/wp-content\/uploads\/2015\/05\/vierge-cloitre-768x1024.jpg 768w\" sizes=\"auto, (max-width: 225px) 100vw, 225px\" \/><\/a><\/td>\n<td style=\"width: 267px;\">\n<p style=\"text-align: center;\"><strong><span style=\"color: #0000ff;\">Marie, toi, <\/span><\/strong><\/p>\n<p style=\"text-align: center;\"><strong><span style=\"color: #0000ff;\">l&rsquo;humble servante du Seigneur, <\/span><\/strong><\/p>\n<p style=\"text-align: center;\"><strong><span style=\"color: #0000ff;\">aide-nous \u00e0 vivre fid\u00e8lement <\/span><\/strong><\/p>\n<p style=\"text-align: center;\"><strong><span style=\"color: #0000ff;\">nos engagements <\/span><\/strong><\/p>\n<p style=\"text-align: center;\"><strong><span style=\"color: #0000ff;\">et \u00e0 t\u00e9moigner, <\/span><\/strong><\/p>\n<p style=\"text-align: center;\"><strong><span style=\"color: #0000ff;\">par notre vie fraternelle, <\/span><\/strong><\/p>\n<p style=\"text-align: center;\"><strong><span style=\"color: #0000ff;\">de l&rsquo;amour de Dieu <\/span><\/strong><\/p>\n<p style=\"text-align: center;\"><strong><span style=\"color: #0000ff;\">pour l&rsquo;humanit\u00e9.<\/span><\/strong><\/p>\n<\/td>\n<\/tr>\n<\/tbody>\n<\/table>\n<p style=\"text-align: left;\"><a href=\"http:\/\/soeurs-de-stgildas-nantes.cef.fr\/wp-content\/uploads\/2018\/08\/IMG_1353.jpg\"><img loading=\"lazy\" decoding=\"async\" class=\"size-medium wp-image-11611 aligncenter\" src=\"http:\/\/soeurs-de-stgildas-nantes.cef.fr\/wp-content\/uploads\/2018\/08\/IMG_1353-300x169.jpg\" alt=\"\" width=\"300\" height=\"169\" srcset=\"https:\/\/soeurs-de-stgildas-nantes.cef.fr\/wp-content\/uploads\/2018\/08\/IMG_1353-300x169.jpg 300w, https:\/\/soeurs-de-stgildas-nantes.cef.fr\/wp-content\/uploads\/2018\/08\/IMG_1353-768x431.jpg 768w, https:\/\/soeurs-de-stgildas-nantes.cef.fr\/wp-content\/uploads\/2018\/08\/IMG_1353-1024x575.jpg 1024w\" sizes=\"auto, (max-width: 300px) 100vw, 300px\" \/><\/a><\/p>\n<p style=\"text-align: center;\"><span style=\"color: #0000ff;\"><strong>Mon \u00e2me exalte le Seigneur :<\/strong><\/span><\/p>\n<p style=\"text-align: center;\"><span style=\"color: #0000ff;\"><strong>ALLELUIA !!!<\/strong><\/span><\/p>\n<p>\u00a0&#8212;-<\/p>\n<p>&nbsp;<\/p>\n","protected":false},"excerpt":{"rendered":"<p>\u00ab\u00a0Marie, tu es b\u00e9nie entre toutes les femmes &#8230;\u00a0\u00bb Tendre Marie de Nazareth, Toi la M\u00e8re de J\u00e9sus, guide nos pas vers le Vivant, celui qui donne le salut ! Enfant b\u00e9nie du peuple d&rsquo;Abraham, tendre Marie, nous t&rsquo;honorons, beau fruit de Palestine, douce Marie; ton coeur s&rsquo;\u00e9veille au Dieu de l&rsquo;impossible, tendre Marie, \u00e0 [&hellip;]<\/p>\n","protected":false},"author":6,"featured_media":0,"parent":0,"menu_order":0,"comment_status":"closed","ping_status":"closed","template":"","meta":{"ngg_post_thumbnail":0,"footnotes":""},"class_list":["post-11591","page","type-page","status-publish","hentry"],"_links":{"self":[{"href":"https:\/\/soeurs-de-stgildas-nantes.cef.fr\/index.php?rest_route=\/wp\/v2\/pages\/11591","targetHints":{"allow":["GET"]}}],"collection":[{"href":"https:\/\/soeurs-de-stgildas-nantes.cef.fr\/index.php?rest_route=\/wp\/v2\/pages"}],"about":[{"href":"https:\/\/soeurs-de-stgildas-nantes.cef.fr\/index.php?rest_route=\/wp\/v2\/types\/page"}],"author":[{"embeddable":true,"href":"https:\/\/soeurs-de-stgildas-nantes.cef.fr\/index.php?rest_route=\/wp\/v2\/users\/6"}],"replies":[{"embeddable":true,"href":"https:\/\/soeurs-de-stgildas-nantes.cef.fr\/index.php?rest_route=%2Fwp%2Fv2%2Fcomments&post=11591"}],"version-history":[{"count":15,"href":"https:\/\/soeurs-de-stgildas-nantes.cef.fr\/index.php?rest_route=\/wp\/v2\/pages\/11591\/revisions"}],"predecessor-version":[{"id":12417,"href":"https:\/\/soeurs-de-stgildas-nantes.cef.fr\/index.php?rest_route=\/wp\/v2\/pages\/11591\/revisions\/12417"}],"wp:attachment":[{"href":"https:\/\/soeurs-de-stgildas-nantes.cef.fr\/index.php?rest_route=%2Fwp%2Fv2%2Fmedia&parent=11591"}],"curies":[{"name":"wp","href":"https:\/\/api.w.org\/{rel}","templated":true}]}}