{"id":11532,"date":"2018-08-01T13:56:03","date_gmt":"2018-08-01T13:56:03","guid":{"rendered":"http:\/\/soeurs-de-stgildas-nantes.cef.fr\/?page_id=11532"},"modified":"2018-08-21T18:07:03","modified_gmt":"2018-08-21T18:07:03","slug":"sur-les-pas-de-g-deshayes-et-m-guillaume","status":"publish","type":"page","link":"https:\/\/soeurs-de-stgildas-nantes.cef.fr\/?page_id=11532","title":{"rendered":"Sur les pas de G.Deshayes et M.Guillaume"},"content":{"rendered":"<p style=\"text-align: center;\"><strong>Beignon, Auray, Sainte-Anne d&rsquo;Auray :<\/strong><\/p>\n<p style=\"text-align: center;\"><strong>lieux de p\u00e8lerinage et de ressourcement !<\/strong><\/p>\n<table style=\"height: 63px;\" width=\"561\">\n<tbody>\n<tr>\n<td style=\"width: 272.5px;\">\n<p style=\"text-align: center;\"><strong><span style=\"color: #ff0000;\">Pendant 4 jours, <\/span><\/strong><\/p>\n<p style=\"text-align: center;\"><strong><span style=\"color: #ff0000;\">ces six Soeurs venues d&rsquo;Afrique <\/span><\/strong><\/p>\n<p style=\"text-align: center;\"><strong><span style=\"color: #ff0000;\">ont v\u00e9cu, concr\u00e8tement, <\/span><\/strong><\/p>\n<p style=\"text-align: center;\"><strong><span style=\"color: #ff0000;\">le charisme de nos fondateurs<\/span> <\/strong><\/p>\n<\/td>\n<td style=\"width: 272.5px;\"><a href=\"http:\/\/soeurs-de-stgildas-nantes.cef.fr\/wp-content\/uploads\/2018\/07\/\u00e0-Beignon-1.jpg\"><img loading=\"lazy\" decoding=\"async\" class=\"alignnone wp-image-11540\" src=\"http:\/\/soeurs-de-stgildas-nantes.cef.fr\/wp-content\/uploads\/2018\/07\/\u00e0-Beignon-1-300x177.jpg\" alt=\"\" width=\"308\" height=\"182\" srcset=\"https:\/\/soeurs-de-stgildas-nantes.cef.fr\/wp-content\/uploads\/2018\/07\/\u00e0-Beignon-1-300x177.jpg 300w, https:\/\/soeurs-de-stgildas-nantes.cef.fr\/wp-content\/uploads\/2018\/07\/\u00e0-Beignon-1-768x454.jpg 768w, https:\/\/soeurs-de-stgildas-nantes.cef.fr\/wp-content\/uploads\/2018\/07\/\u00e0-Beignon-1-1024x605.jpg 1024w, https:\/\/soeurs-de-stgildas-nantes.cef.fr\/wp-content\/uploads\/2018\/07\/\u00e0-Beignon-1.jpg 1629w\" sizes=\"auto, (max-width: 308px) 100vw, 308px\" \/><\/a><\/td>\n<\/tr>\n<\/tbody>\n<\/table>\n<p><span style=\"color: #000000;\">Quelques-unes des r\u00e9actions not\u00e9es rapidement .<br \/>\n<\/span><\/p>\n<table style=\"height: 254px; width: 568.983px;\">\n<tbody>\n<tr>\n<td style=\"width: 518px;\">\u00a0L&rsquo;Epinay :<\/p>\n<p><a href=\"http:\/\/soeurs-de-stgildas-nantes.cef.fr\/wp-content\/uploads\/2018\/08\/20180727-.jpg\"><img loading=\"lazy\" decoding=\"async\" class=\"alignnone size-medium wp-image-11547\" src=\"http:\/\/soeurs-de-stgildas-nantes.cef.fr\/wp-content\/uploads\/2018\/08\/20180727--300x225.jpg\" alt=\"\" width=\"300\" height=\"225\" srcset=\"https:\/\/soeurs-de-stgildas-nantes.cef.fr\/wp-content\/uploads\/2018\/08\/20180727--300x225.jpg 300w, https:\/\/soeurs-de-stgildas-nantes.cef.fr\/wp-content\/uploads\/2018\/08\/20180727--768x576.jpg 768w, https:\/\/soeurs-de-stgildas-nantes.cef.fr\/wp-content\/uploads\/2018\/08\/20180727--1024x768.jpg 1024w, https:\/\/soeurs-de-stgildas-nantes.cef.fr\/wp-content\/uploads\/2018\/08\/20180727-.jpg 1600w\" sizes=\"auto, (max-width: 300px) 100vw, 300px\" \/><\/a><\/td>\n<td style=\"width: 558.983px; text-align: left;\">\n<p style=\"text-align: center;\">\u00ab\u00a0<em>J&rsquo;ai vu de mes yeux la maison natale<br \/>\ntoute simple de Gabriel Deshayes !\u00a0\u00bb<\/em><\/p>\n<p><a href=\"http:\/\/soeurs-de-stgildas-nantes.cef.fr\/wp-content\/uploads\/2018\/08\/\u00e0-Beignon-3.jpg\"><img loading=\"lazy\" decoding=\"async\" class=\"alignnone size-medium wp-image-11550\" src=\"http:\/\/soeurs-de-stgildas-nantes.cef.fr\/wp-content\/uploads\/2018\/08\/\u00e0-Beignon-3-300x169.jpg\" alt=\"\" width=\"300\" height=\"169\" srcset=\"https:\/\/soeurs-de-stgildas-nantes.cef.fr\/wp-content\/uploads\/2018\/08\/\u00e0-Beignon-3-300x169.jpg 300w, https:\/\/soeurs-de-stgildas-nantes.cef.fr\/wp-content\/uploads\/2018\/08\/\u00e0-Beignon-3-768x432.jpg 768w, https:\/\/soeurs-de-stgildas-nantes.cef.fr\/wp-content\/uploads\/2018\/08\/\u00e0-Beignon-3-1024x576.jpg 1024w, https:\/\/soeurs-de-stgildas-nantes.cef.fr\/wp-content\/uploads\/2018\/08\/\u00e0-Beignon-3.jpg 1306w\" sizes=\"auto, (max-width: 300px) 100vw, 300px\" \/><\/a><\/td>\n<\/tr>\n<\/tbody>\n<\/table>\n<table style=\"height: 39px;\" width=\"573\">\n<tbody>\n<tr>\n<td style=\"width: 278.5px;\">\n<p style=\"text-align: center;\">Oeuvres aupr\u00e8s des prisonniers, des ch\u00f4meurs, des sourds-muets, etc&#8230;<\/p>\n<p>&nbsp;<\/p>\n<p><a href=\"http:\/\/soeurs-de-stgildas-nantes.cef.fr\/wp-content\/uploads\/2018\/08\/20180728-Auray-visite-\u00e0-la-prison-1.jpg\"><img loading=\"lazy\" decoding=\"async\" class=\"alignnone size-medium wp-image-11554\" src=\"http:\/\/soeurs-de-stgildas-nantes.cef.fr\/wp-content\/uploads\/2018\/08\/20180728-Auray-visite-\u00e0-la-prison-1-300x225.jpg\" alt=\"\" width=\"300\" height=\"225\" srcset=\"https:\/\/soeurs-de-stgildas-nantes.cef.fr\/wp-content\/uploads\/2018\/08\/20180728-Auray-visite-\u00e0-la-prison-1-300x225.jpg 300w, https:\/\/soeurs-de-stgildas-nantes.cef.fr\/wp-content\/uploads\/2018\/08\/20180728-Auray-visite-\u00e0-la-prison-1-768x576.jpg 768w, https:\/\/soeurs-de-stgildas-nantes.cef.fr\/wp-content\/uploads\/2018\/08\/20180728-Auray-visite-\u00e0-la-prison-1-1024x768.jpg 1024w, https:\/\/soeurs-de-stgildas-nantes.cef.fr\/wp-content\/uploads\/2018\/08\/20180728-Auray-visite-\u00e0-la-prison-1.jpg 1200w\" sizes=\"auto, (max-width: 300px) 100vw, 300px\" \/><\/a><\/td>\n<td style=\"width: 278.5px;\"><a href=\"http:\/\/soeurs-de-stgildas-nantes.cef.fr\/wp-content\/uploads\/2018\/08\/20180728-Auray-visite-\u00e0-la-prison-2.jpg\"><img loading=\"lazy\" decoding=\"async\" class=\"alignnone size-medium wp-image-11555\" src=\"http:\/\/soeurs-de-stgildas-nantes.cef.fr\/wp-content\/uploads\/2018\/08\/20180728-Auray-visite-\u00e0-la-prison-2-300x225.jpg\" alt=\"\" width=\"300\" height=\"225\" srcset=\"https:\/\/soeurs-de-stgildas-nantes.cef.fr\/wp-content\/uploads\/2018\/08\/20180728-Auray-visite-\u00e0-la-prison-2-300x225.jpg 300w, https:\/\/soeurs-de-stgildas-nantes.cef.fr\/wp-content\/uploads\/2018\/08\/20180728-Auray-visite-\u00e0-la-prison-2-768x576.jpg 768w, https:\/\/soeurs-de-stgildas-nantes.cef.fr\/wp-content\/uploads\/2018\/08\/20180728-Auray-visite-\u00e0-la-prison-2-1024x768.jpg 1024w, https:\/\/soeurs-de-stgildas-nantes.cef.fr\/wp-content\/uploads\/2018\/08\/20180728-Auray-visite-\u00e0-la-prison-2.jpg 1200w\" sizes=\"auto, (max-width: 300px) 100vw, 300px\" \/><\/a><\/p>\n<p style=\"text-align: center;\"><em>\u00ab\u00a0Voir ce que le P\u00e8re Deshayes a r\u00e9alis\u00e9 comme oeuvres, et qui continue de<br \/>\nse poursuivre aujourd&rsquo;hui&#8230;\u00a0\u00bb<\/em><\/p>\n<\/td>\n<\/tr>\n<\/tbody>\n<\/table>\n<table style=\"height: 27px;\" width=\"572\">\n<tbody>\n<tr>\n<td style=\"width: 562px;\"><strong>&#8211; <\/strong>\u00ab\u00a0<em>Mon s\u00e9jour \u00e0 Beignon m&rsquo;a beaucoup impressionn\u00e9e. J&rsquo;ai d\u00e9couvert beaucoup de choses qui ont redynamis\u00e9 ma foi et mon d\u00e9sir de suivre le Christ, \u00e0 l&rsquo;exemple de nos fondateurs.\u00a0\u00bb<\/em><\/p>\n<p><strong>&#8211; \u00ab\u00a0<\/strong>J&rsquo;ai aussi appr\u00e9ci\u00e9 la fraternit\u00e9 et la proximit\u00e9 des gens de Beignon.\u00a0\u00bb<\/p>\n<p><em><strong>&#8211; \u00ab\u00a0<\/strong>Comme c\u2019est beau Beignon\u00a0! notre berceau\u00a0! un magnifique petit village\u00a0! c\u2019est l\u00e0 que nous sommes toutes n\u00e9es\u00a0! Europ\u00e9ennes et Africaines\u00a0! la simplicit\u00e9 des lieux m\u2019a frapp\u00e9e, c\u2019\u00e9tait tr\u00e8s \u00e9mouvant de pouvoir toucher et marcher sur le sol sur lequel ont march\u00e9 notre P\u00e8re Deshayes et nos premi\u00e8res s\u0153urs.\u00a0\u00bb<\/em><\/p>\n<p style=\"text-align: center;\"><span style=\"color: #0000ff;\">\u00ab\u00a0Avec Soeur Denise,<br \/>\nl&rsquo;historienne qui nous a fait entrer progressivement dans le bain,<br \/>\naccompagn\u00e9es de Soeur Catherine,<br \/>\non \u00e9tait dans de bonnes mains !<br \/>\n<\/span><\/p>\n<p style=\"text-align: center;\"><em><strong>Un grand MERCI \u00e0\u00a0 Mami, Tata,Yaaba, N&rsquo;na &#8230;\u00a0\u00bb<\/strong><\/em><\/p>\n<\/td>\n<\/tr>\n<\/tbody>\n<\/table>\n<table style=\"height: 39px;\" width=\"571\">\n<tbody>\n<tr>\n<td style=\"width: 277.5px;\"><strong>Rencontre avec les soeurs <\/strong><\/p>\n<p><strong>et autres r\u00e9sidents <\/strong><\/p>\n<p><strong>de la Maison Michelle Guillaume<\/strong><\/td>\n<td style=\"width: 277.5px;\"><a href=\"http:\/\/soeurs-de-stgildas-nantes.cef.fr\/wp-content\/uploads\/2018\/08\/P1.jpg\"><img loading=\"lazy\" decoding=\"async\" class=\"alignnone size-medium wp-image-11571\" src=\"http:\/\/soeurs-de-stgildas-nantes.cef.fr\/wp-content\/uploads\/2018\/08\/P1-300x225.jpg\" alt=\"\" width=\"300\" height=\"225\" srcset=\"https:\/\/soeurs-de-stgildas-nantes.cef.fr\/wp-content\/uploads\/2018\/08\/P1-300x225.jpg 300w, https:\/\/soeurs-de-stgildas-nantes.cef.fr\/wp-content\/uploads\/2018\/08\/P1-768x576.jpg 768w, https:\/\/soeurs-de-stgildas-nantes.cef.fr\/wp-content\/uploads\/2018\/08\/P1-1024x768.jpg 1024w, https:\/\/soeurs-de-stgildas-nantes.cef.fr\/wp-content\/uploads\/2018\/08\/P1.jpg 1296w\" sizes=\"auto, (max-width: 300px) 100vw, 300px\" \/><\/a><\/td>\n<\/tr>\n<\/tbody>\n<\/table>\n<table style=\"height: 469px;\" width=\"579\">\n<tbody>\n<tr>\n<td style=\"width: 281.5px;\"><a href=\"http:\/\/soeurs-de-stgildas-nantes.cef.fr\/wp-content\/uploads\/2018\/08\/P2.jpg\"><img loading=\"lazy\" decoding=\"async\" class=\"alignnone size-medium wp-image-11572\" src=\"http:\/\/soeurs-de-stgildas-nantes.cef.fr\/wp-content\/uploads\/2018\/08\/P2-300x225.jpg\" alt=\"\" width=\"300\" height=\"225\" srcset=\"https:\/\/soeurs-de-stgildas-nantes.cef.fr\/wp-content\/uploads\/2018\/08\/P2-300x225.jpg 300w, https:\/\/soeurs-de-stgildas-nantes.cef.fr\/wp-content\/uploads\/2018\/08\/P2-768x576.jpg 768w, https:\/\/soeurs-de-stgildas-nantes.cef.fr\/wp-content\/uploads\/2018\/08\/P2-1024x768.jpg 1024w, https:\/\/soeurs-de-stgildas-nantes.cef.fr\/wp-content\/uploads\/2018\/08\/P2.jpg 1296w\" sizes=\"auto, (max-width: 300px) 100vw, 300px\" \/><\/a><\/td>\n<td style=\"width: 281.5px;\"><a href=\"http:\/\/soeurs-de-stgildas-nantes.cef.fr\/wp-content\/uploads\/2018\/08\/P3.jpg\"><img loading=\"lazy\" decoding=\"async\" class=\"alignnone size-medium wp-image-11573\" src=\"http:\/\/soeurs-de-stgildas-nantes.cef.fr\/wp-content\/uploads\/2018\/08\/P3-300x225.jpg\" alt=\"\" width=\"300\" height=\"225\" srcset=\"https:\/\/soeurs-de-stgildas-nantes.cef.fr\/wp-content\/uploads\/2018\/08\/P3-300x225.jpg 300w, https:\/\/soeurs-de-stgildas-nantes.cef.fr\/wp-content\/uploads\/2018\/08\/P3-768x576.jpg 768w, https:\/\/soeurs-de-stgildas-nantes.cef.fr\/wp-content\/uploads\/2018\/08\/P3-1024x768.jpg 1024w, https:\/\/soeurs-de-stgildas-nantes.cef.fr\/wp-content\/uploads\/2018\/08\/P3.jpg 1296w\" sizes=\"auto, (max-width: 300px) 100vw, 300px\" \/><\/a><\/td>\n<\/tr>\n<tr>\n<td style=\"width: 281.5px;\"><a href=\"http:\/\/soeurs-de-stgildas-nantes.cef.fr\/wp-content\/uploads\/2018\/08\/P4.jpg\"><img loading=\"lazy\" decoding=\"async\" class=\"alignnone size-medium wp-image-11574\" src=\"http:\/\/soeurs-de-stgildas-nantes.cef.fr\/wp-content\/uploads\/2018\/08\/P4-300x225.jpg\" alt=\"\" width=\"300\" height=\"225\" srcset=\"https:\/\/soeurs-de-stgildas-nantes.cef.fr\/wp-content\/uploads\/2018\/08\/P4-300x225.jpg 300w, https:\/\/soeurs-de-stgildas-nantes.cef.fr\/wp-content\/uploads\/2018\/08\/P4-768x576.jpg 768w, https:\/\/soeurs-de-stgildas-nantes.cef.fr\/wp-content\/uploads\/2018\/08\/P4-1024x768.jpg 1024w, https:\/\/soeurs-de-stgildas-nantes.cef.fr\/wp-content\/uploads\/2018\/08\/P4.jpg 1296w\" sizes=\"auto, (max-width: 300px) 100vw, 300px\" \/><\/a><\/td>\n<td style=\"width: 281.5px;\">\n<p style=\"text-align: center;\"><strong>Cours de danse : <\/strong><\/p>\n<p style=\"text-align: center;\"><strong>tout le monde s&rsquo;y met !<\/strong><\/p>\n<\/td>\n<\/tr>\n<\/tbody>\n<\/table>\n<table style=\"width: 579px; height: 39px;\">\n<tbody>\n<tr>\n<td style=\"width: 279.867px;\"><a href=\"http:\/\/soeurs-de-stgildas-nantes.cef.fr\/wp-content\/uploads\/2018\/08\/P6.jpg\"><img loading=\"lazy\" decoding=\"async\" class=\"alignnone size-medium wp-image-11575\" src=\"http:\/\/soeurs-de-stgildas-nantes.cef.fr\/wp-content\/uploads\/2018\/08\/P6-300x225.jpg\" alt=\"\" width=\"300\" height=\"225\" srcset=\"https:\/\/soeurs-de-stgildas-nantes.cef.fr\/wp-content\/uploads\/2018\/08\/P6-300x225.jpg 300w, https:\/\/soeurs-de-stgildas-nantes.cef.fr\/wp-content\/uploads\/2018\/08\/P6-768x576.jpg 768w, https:\/\/soeurs-de-stgildas-nantes.cef.fr\/wp-content\/uploads\/2018\/08\/P6-1024x768.jpg 1024w, https:\/\/soeurs-de-stgildas-nantes.cef.fr\/wp-content\/uploads\/2018\/08\/P6.jpg 1296w\" sizes=\"auto, (max-width: 300px) 100vw, 300px\" \/><\/a><\/td>\n<td style=\"width: 281.133px;\"><a href=\"http:\/\/soeurs-de-stgildas-nantes.cef.fr\/wp-content\/uploads\/2018\/08\/P5.jpg\"><img loading=\"lazy\" decoding=\"async\" class=\"alignnone size-medium wp-image-11576\" src=\"http:\/\/soeurs-de-stgildas-nantes.cef.fr\/wp-content\/uploads\/2018\/08\/P5-300x225.jpg\" alt=\"\" width=\"300\" height=\"225\" srcset=\"https:\/\/soeurs-de-stgildas-nantes.cef.fr\/wp-content\/uploads\/2018\/08\/P5-300x225.jpg 300w, https:\/\/soeurs-de-stgildas-nantes.cef.fr\/wp-content\/uploads\/2018\/08\/P5-768x576.jpg 768w, https:\/\/soeurs-de-stgildas-nantes.cef.fr\/wp-content\/uploads\/2018\/08\/P5-1024x768.jpg 1024w, https:\/\/soeurs-de-stgildas-nantes.cef.fr\/wp-content\/uploads\/2018\/08\/P5.jpg 1296w\" sizes=\"auto, (max-width: 300px) 100vw, 300px\" \/><\/a><\/td>\n<\/tr>\n<\/tbody>\n<\/table>\n<p style=\"text-align: center;\"><span style=\"color: #ff0000;\"><em><strong>Conversation, \u00e9changes, \u00e9coute des autres :<\/strong><\/em><\/span><\/p>\n<p style=\"text-align: center;\"><span style=\"color: #ff0000;\"><em><strong>Quelle joie d&rsquo;\u00eatre ensemble !<\/strong><\/em><\/span><\/p>\n<p><span style=\"font-size: 10pt;\"><em>&#8212;<br \/>\n<\/em><\/span><\/p>\n<div style=\"text-align: center;\">\n<div style=\"margin: 8px 0px 4px;\"><a href=\"https:\/\/www.calameo.com\/books\/002529238f1c88c5ce403\" target=\"_blank\" rel=\"noopener\">Rencontre Avec Les S\u0153urs Burkinab\u00e9es<\/a><\/div>\n<p><iframe loading=\"lazy\" style=\"margin: 0 auto;\" src=\"\/\/v.calameo.com\/?bkcode=002529238f1c88c5ce403&amp;mode=mini&amp;view=book&amp;clickto=view&amp;clicktarget=_self\" width=\"480\" height=\"300\" frameborder=\"0\" scrolling=\"no\" allowfullscreen=\"allowfullscreen\" data-mce-fragment=\"1\"><\/iframe><\/p>\n<div style=\"text-align: left;\"><a href=\"http:\/\/soeurs-de-stgildas-nantes.cef.fr\/wp-content\/uploads\/2018\/08\/MVI_0024.avi\">MVI_0024<\/a><\/div>\n<div style=\"margin: 4px 0px 8px; text-align: left;\"><a href=\"http:\/\/soeurs-de-stgildas-nantes.cef.fr\/wp-content\/uploads\/2018\/08\/MVI_0009.avi\">MVI_0009 chant et danse<\/a><\/div>\n<\/div>\n","protected":false},"excerpt":{"rendered":"<p>Beignon, Auray, Sainte-Anne d&rsquo;Auray : lieux de p\u00e8lerinage et de ressourcement ! Pendant 4 jours, ces six Soeurs venues d&rsquo;Afrique ont v\u00e9cu, concr\u00e8tement, le charisme de nos fondateurs Quelques-unes des r\u00e9actions not\u00e9es rapidement . \u00a0L&rsquo;Epinay : \u00ab\u00a0J&rsquo;ai vu de mes yeux la maison natale toute simple de Gabriel Deshayes !\u00a0\u00bb Oeuvres aupr\u00e8s des prisonniers, des [&hellip;]<\/p>\n","protected":false},"author":6,"featured_media":0,"parent":132,"menu_order":0,"comment_status":"closed","ping_status":"closed","template":"","meta":{"ngg_post_thumbnail":0,"footnotes":""},"class_list":["post-11532","page","type-page","status-publish","hentry"],"_links":{"self":[{"href":"https:\/\/soeurs-de-stgildas-nantes.cef.fr\/index.php?rest_route=\/wp\/v2\/pages\/11532","targetHints":{"allow":["GET"]}}],"collection":[{"href":"https:\/\/soeurs-de-stgildas-nantes.cef.fr\/index.php?rest_route=\/wp\/v2\/pages"}],"about":[{"href":"https:\/\/soeurs-de-stgildas-nantes.cef.fr\/index.php?rest_route=\/wp\/v2\/types\/page"}],"author":[{"embeddable":true,"href":"https:\/\/soeurs-de-stgildas-nantes.cef.fr\/index.php?rest_route=\/wp\/v2\/users\/6"}],"replies":[{"embeddable":true,"href":"https:\/\/soeurs-de-stgildas-nantes.cef.fr\/index.php?rest_route=%2Fwp%2Fv2%2Fcomments&post=11532"}],"version-history":[{"count":31,"href":"https:\/\/soeurs-de-stgildas-nantes.cef.fr\/index.php?rest_route=\/wp\/v2\/pages\/11532\/revisions"}],"predecessor-version":[{"id":11624,"href":"https:\/\/soeurs-de-stgildas-nantes.cef.fr\/index.php?rest_route=\/wp\/v2\/pages\/11532\/revisions\/11624"}],"up":[{"embeddable":true,"href":"https:\/\/soeurs-de-stgildas-nantes.cef.fr\/index.php?rest_route=\/wp\/v2\/pages\/132"}],"wp:attachment":[{"href":"https:\/\/soeurs-de-stgildas-nantes.cef.fr\/index.php?rest_route=%2Fwp%2Fv2%2Fmedia&parent=11532"}],"curies":[{"name":"wp","href":"https:\/\/api.w.org\/{rel}","templated":true}]}}