{"id":10982,"date":"2017-12-01T15:00:18","date_gmt":"2017-12-01T15:00:18","guid":{"rendered":"http:\/\/soeurs-de-stgildas-nantes.cef.fr\/?page_id=10982"},"modified":"2018-01-07T09:29:12","modified_gmt":"2018-01-07T09:29:12","slug":"vivre-lavent-a-la-maison-mere","status":"publish","type":"page","link":"https:\/\/soeurs-de-stgildas-nantes.cef.fr\/?page_id=10982","title":{"rendered":"NO\u00cbL- EPIPHANIE \u00e0 la Maison-M\u00e8re"},"content":{"rendered":"<table style=\"height: 293px; width: 578.317px;\">\n<tbody>\n<tr style=\"height: 234px;\">\n<td style=\"width: 271px; height: 234px;\"><span style=\"text-decoration: underline;\"><span style=\"color: #ff6600; text-decoration: underline;\"><strong>07 janvier :<\/strong><\/span><\/span><\/p>\n<p style=\"text-align: center;\"><span style=\"color: #ff6600;\"><strong>\u00ab\u00a0<span style=\"color: #ff6600;\">toutes les nations sont<\/span><\/strong><\/span><\/p>\n<p style=\"text-align: center;\"><span style=\"color: #ff6600;\"><strong>associ\u00e9es au <span style=\"font-size: 12pt;\">m\u00eame<\/span> h\u00e9ritage,<\/strong><\/span><\/p>\n<p style=\"text-align: center;\"><span style=\"color: #ff6600;\"><strong><span style=\"font-size: 12pt;\">au m\u00eame corps,<\/span><br \/>\n<\/strong><\/span><\/p>\n<p style=\"text-align: center;\"><span style=\"color: #ff6600;\"><strong>au partage<\/strong><\/span><\/p>\n<p style=\"text-align: center;\"><span style=\"color: #ff6600;\"><strong>de la<\/strong><span style=\"font-size: 14pt;\"> m\u00eame promesse<\/span><\/span><\/p>\n<p style=\"text-align: center;\"><span style=\"font-size: 14pt;\"><strong><span style=\"color: #ff6600;\"><span style=\"font-size: 12pt;\">dans le Christ J\u00e9sus \u00a0\u00bb <\/span>!..<\/span><br \/>\n<span style=\"color: #ffffff;\">&#8212;<\/span><br \/>\n<\/strong><\/span><\/p>\n<p>\u00a0<span style=\"color: #ffffff;\"> &#8212;<\/span><em><br \/>\n<\/em><span style=\"color: #ffffff;\">&#8212;<\/span><em><br \/>\n<\/em><\/td>\n<td style=\"width: 290.317px; height: 234px;\">\n<p style=\"text-align: center;\"><span style=\"color: #339966;\"><strong><a href=\"http:\/\/soeurs-de-stgildas-nantes.cef.fr\/wp-content\/uploads\/2017\/12\/IMG_0146.jpg\"><img loading=\"lazy\" decoding=\"async\" class=\"alignnone size-medium wp-image-11076\" src=\"http:\/\/soeurs-de-stgildas-nantes.cef.fr\/wp-content\/uploads\/2017\/12\/IMG_0146-300x225.jpg\" alt=\"\" width=\"300\" height=\"225\" srcset=\"https:\/\/soeurs-de-stgildas-nantes.cef.fr\/wp-content\/uploads\/2017\/12\/IMG_0146-300x225.jpg 300w, https:\/\/soeurs-de-stgildas-nantes.cef.fr\/wp-content\/uploads\/2017\/12\/IMG_0146-768x576.jpg 768w, https:\/\/soeurs-de-stgildas-nantes.cef.fr\/wp-content\/uploads\/2017\/12\/IMG_0146-1024x768.jpg 1024w, https:\/\/soeurs-de-stgildas-nantes.cef.fr\/wp-content\/uploads\/2017\/12\/IMG_0146.jpg 1600w\" sizes=\"auto, (max-width: 300px) 100vw, 300px\" \/><\/a><br \/>\n<\/strong><\/span><\/p>\n<p style=\"text-align: center;\"><em><strong>\u00ab\u00a0Ils se r\u00e9jouirent <\/strong><\/em><\/p>\n<p style=\"text-align: center;\"><em><strong>d&rsquo;une tr\u00e8s grande joie ..\u00a0\u00bb<\/strong><\/em><\/p>\n<\/td>\n<\/tr>\n<\/tbody>\n<\/table>\n<p style=\"text-align: left;\"><em><span style=\"color: #ff6600;\"><strong><span style=\"font-family: comic sans ms, sans-serif; font-size: 14pt;\">Gloire \u00e0 Dieu, et Paix sur la terre aux hommes qu&rsquo;Il aime &#8230;<\/span><br \/>\n<\/strong><\/span><\/em><\/p>\n<p><strong>&#8212;&#8212;&#8212;&#8212;&#8212;&#8212;&#8212;&#8212;&#8212;&#8212;&#8212;&#8212;&#8212;&#8212;&#8212;&#8212;&#8212;&#8212;&#8212;&#8212;&#8212;&#8212;&#8212;&#8212;&#8212;&#8212;&#8212;&#8212;-<\/strong><\/p>\n","protected":false},"excerpt":{"rendered":"<p>07 janvier : \u00ab\u00a0toutes les nations sont associ\u00e9es au m\u00eame h\u00e9ritage, au m\u00eame corps, au partage de la m\u00eame promesse dans le Christ J\u00e9sus \u00a0\u00bb !.. &#8212; \u00a0 &#8212; &#8212; \u00ab\u00a0Ils se r\u00e9jouirent d&rsquo;une tr\u00e8s grande joie ..\u00a0\u00bb Gloire \u00e0 Dieu, et Paix sur la terre aux hommes qu&rsquo;Il aime &#8230; &#8212;&#8212;&#8212;&#8212;&#8212;&#8212;&#8212;&#8212;&#8212;&#8212;&#8212;&#8212;&#8212;&#8212;&#8212;&#8212;&#8212;&#8212;&#8212;&#8212;&#8212;&#8212;&#8212;&#8212;&#8212;&#8212;&#8212;&#8212;-<\/p>\n","protected":false},"author":6,"featured_media":0,"parent":132,"menu_order":0,"comment_status":"closed","ping_status":"closed","template":"","meta":{"ngg_post_thumbnail":0,"footnotes":""},"class_list":["post-10982","page","type-page","status-publish","hentry"],"_links":{"self":[{"href":"https:\/\/soeurs-de-stgildas-nantes.cef.fr\/index.php?rest_route=\/wp\/v2\/pages\/10982","targetHints":{"allow":["GET"]}}],"collection":[{"href":"https:\/\/soeurs-de-stgildas-nantes.cef.fr\/index.php?rest_route=\/wp\/v2\/pages"}],"about":[{"href":"https:\/\/soeurs-de-stgildas-nantes.cef.fr\/index.php?rest_route=\/wp\/v2\/types\/page"}],"author":[{"embeddable":true,"href":"https:\/\/soeurs-de-stgildas-nantes.cef.fr\/index.php?rest_route=\/wp\/v2\/users\/6"}],"replies":[{"embeddable":true,"href":"https:\/\/soeurs-de-stgildas-nantes.cef.fr\/index.php?rest_route=%2Fwp%2Fv2%2Fcomments&post=10982"}],"version-history":[{"count":20,"href":"https:\/\/soeurs-de-stgildas-nantes.cef.fr\/index.php?rest_route=\/wp\/v2\/pages\/10982\/revisions"}],"predecessor-version":[{"id":11077,"href":"https:\/\/soeurs-de-stgildas-nantes.cef.fr\/index.php?rest_route=\/wp\/v2\/pages\/10982\/revisions\/11077"}],"up":[{"embeddable":true,"href":"https:\/\/soeurs-de-stgildas-nantes.cef.fr\/index.php?rest_route=\/wp\/v2\/pages\/132"}],"wp:attachment":[{"href":"https:\/\/soeurs-de-stgildas-nantes.cef.fr\/index.php?rest_route=%2Fwp%2Fv2%2Fmedia&parent=10982"}],"curies":[{"name":"wp","href":"https:\/\/api.w.org\/{rel}","templated":true}]}}