{"id":10523,"date":"2017-06-20T19:07:28","date_gmt":"2017-06-20T19:07:28","guid":{"rendered":"http:\/\/soeurs-de-stgildas-nantes.cef.fr\/?page_id=10523"},"modified":"2017-11-06T10:03:42","modified_gmt":"2017-11-06T10:03:42","slug":"en-congregation-a-maison-michelle-guillaume","status":"publish","type":"page","link":"https:\/\/soeurs-de-stgildas-nantes.cef.fr\/?page_id=10523","title":{"rendered":"En Congr\u00e9gation \u00e0 Maison Michelle Guillaume"},"content":{"rendered":"<p><span style=\"color: #ffffff;\">&#8212;<\/span><\/p>\n<table style=\"height: 46px; width: 542.933px;\">\n<tbody>\n<tr>\n<td style=\"width: 254px;\"><a href=\"http:\/\/soeurs-de-stgildas-nantes.cef.fr\/wp-content\/uploads\/2017\/06\/IMG_8448.jpg\"><img loading=\"lazy\" decoding=\"async\" class=\"alignnone wp-image-10525\" src=\"http:\/\/soeurs-de-stgildas-nantes.cef.fr\/wp-content\/uploads\/2017\/06\/IMG_8448-300x225.jpg\" alt=\"\" width=\"200\" height=\"150\" srcset=\"https:\/\/soeurs-de-stgildas-nantes.cef.fr\/wp-content\/uploads\/2017\/06\/IMG_8448-300x225.jpg 300w, https:\/\/soeurs-de-stgildas-nantes.cef.fr\/wp-content\/uploads\/2017\/06\/IMG_8448-768x576.jpg 768w, https:\/\/soeurs-de-stgildas-nantes.cef.fr\/wp-content\/uploads\/2017\/06\/IMG_8448-1024x768.jpg 1024w, https:\/\/soeurs-de-stgildas-nantes.cef.fr\/wp-content\/uploads\/2017\/06\/IMG_8448.jpg 1600w\" sizes=\"auto, (max-width: 200px) 100vw, 200px\" \/><\/a><\/td>\n<td style=\"width: 270.933px;\">\n<p style=\"text-align: center;\"><span style=\"color: #ff6600; font-size: 14pt;\"><strong>En Congr\u00e9gation,<\/strong><\/span><\/p>\n<p>&nbsp;<\/p>\n<p style=\"text-align: center;\"><span style=\"color: #ff6600; font-size: 14pt;\">le Bonheur d\u2019\u00eatre reli\u00e9e\u00a0 <\/span><\/p>\n<p style=\"text-align: center;\"><span style=\"color: #ff6600; font-size: 14pt;\">\u00e0 d\u2019autres,<\/span><\/p>\n<p style=\"text-align: center;\"><span style=\"color: #ff6600; font-size: 14pt;\">dans la confiance.<\/span><\/p>\n<\/td>\n<\/tr>\n<\/tbody>\n<\/table>\n<p><span style=\"color: #ffffff;\">&#8212;<\/span><\/p>\n<p><span style=\"font-size: 14pt;\"><strong><span style=\"color: #ff6600;\">Le mercredi 19 avril, les soeurs <\/span><\/strong><\/span><\/p>\n<p><span style=\"font-size: 14pt;\"><strong><span style=\"color: #ff6600;\">de la Maison Michelle Guillaume <\/span><\/strong><\/span><\/p>\n<p><span style=\"font-size: 14pt;\"><strong><span style=\"color: #ff6600;\">r\u00e9fl\u00e9chissent sur le r\u00e9cit des p\u00e8lerins d&rsquo;Emma\u00fcs.<\/span><\/strong><\/span><\/p>\n<p><span style=\"color: #ffffff;\">&#8212;<\/span><\/p>\n<div style=\"text-align: center;\">\n<iframe loading=\"lazy\" src=\"\/\/v.calameo.com\/?bkcode=0025292381b29f34ed5ea&amp;mode=mini\" width=\"480\" height=\"300\" frameborder=\"0\" scrolling=\"no\" allowfullscreen=\"allowfullscreen\"><\/iframe><\/p>\n<div style=\"margin: 4px 0px 8px;\"><\/div>\n<\/div>\n","protected":false},"excerpt":{"rendered":"<p>&#8212; En Congr\u00e9gation, &nbsp; le Bonheur d\u2019\u00eatre reli\u00e9e\u00a0 \u00e0 d\u2019autres, dans la confiance. &#8212; Le mercredi 19 avril, les soeurs de la Maison Michelle Guillaume r\u00e9fl\u00e9chissent sur le r\u00e9cit des p\u00e8lerins d&rsquo;Emma\u00fcs. &#8212;<\/p>\n","protected":false},"author":6,"featured_media":0,"parent":0,"menu_order":0,"comment_status":"closed","ping_status":"closed","template":"","meta":{"ngg_post_thumbnail":0,"footnotes":""},"class_list":["post-10523","page","type-page","status-publish","hentry"],"_links":{"self":[{"href":"https:\/\/soeurs-de-stgildas-nantes.cef.fr\/index.php?rest_route=\/wp\/v2\/pages\/10523","targetHints":{"allow":["GET"]}}],"collection":[{"href":"https:\/\/soeurs-de-stgildas-nantes.cef.fr\/index.php?rest_route=\/wp\/v2\/pages"}],"about":[{"href":"https:\/\/soeurs-de-stgildas-nantes.cef.fr\/index.php?rest_route=\/wp\/v2\/types\/page"}],"author":[{"embeddable":true,"href":"https:\/\/soeurs-de-stgildas-nantes.cef.fr\/index.php?rest_route=\/wp\/v2\/users\/6"}],"replies":[{"embeddable":true,"href":"https:\/\/soeurs-de-stgildas-nantes.cef.fr\/index.php?rest_route=%2Fwp%2Fv2%2Fcomments&post=10523"}],"version-history":[{"count":13,"href":"https:\/\/soeurs-de-stgildas-nantes.cef.fr\/index.php?rest_route=\/wp\/v2\/pages\/10523\/revisions"}],"predecessor-version":[{"id":10962,"href":"https:\/\/soeurs-de-stgildas-nantes.cef.fr\/index.php?rest_route=\/wp\/v2\/pages\/10523\/revisions\/10962"}],"wp:attachment":[{"href":"https:\/\/soeurs-de-stgildas-nantes.cef.fr\/index.php?rest_route=%2Fwp%2Fv2%2Fmedia&parent=10523"}],"curies":[{"name":"wp","href":"https:\/\/api.w.org\/{rel}","templated":true}]}}