{"id":10280,"date":"2017-03-23T11:00:20","date_gmt":"2017-03-23T11:00:20","guid":{"rendered":"http:\/\/soeurs-de-stgildas-nantes.cef.fr\/?page_id=10280"},"modified":"2017-03-23T11:03:46","modified_gmt":"2017-03-23T11:03:46","slug":"priere-pour-le-chapitre-2017","status":"publish","type":"page","link":"https:\/\/soeurs-de-stgildas-nantes.cef.fr\/?page_id=10280","title":{"rendered":"Pri\u00e8re pour le chapitre 2017"},"content":{"rendered":"<p>&nbsp;<\/p>\n<p><span style=\"font-family: tahoma,arial,helvetica,sans-serif;\">Dieu notre P\u00e8re,<\/span><\/p>\n<p><span style=\"font-family: tahoma,arial,helvetica,sans-serif;\">tu nous as envoy\u00e9 J\u00e9sus ton Fils,<\/span><\/p>\n<p><span style=\"font-family: tahoma,arial,helvetica,sans-serif;\">pour \u00eatre avec nous, l\u2019un de nous.<\/span><\/p>\n<p><span style=\"font-family: tahoma,arial,helvetica,sans-serif;\">Nous te rendons gr\u00e2ce,<\/span><\/p>\n<p><span style=\"font-family: tahoma,arial,helvetica,sans-serif;\">car il a incarn\u00e9 ton visage d\u2019amour pour tous.<\/span><\/p>\n<p>&nbsp;<\/p>\n<p><span style=\"font-family: tahoma,arial,helvetica,sans-serif;\">Par le bapt\u00eame,<\/span><\/p>\n<p><span style=\"font-family: tahoma,arial,helvetica,sans-serif;\">tu nous as qualifi\u00e9es<\/span><\/p>\n<p><span style=\"font-family: tahoma,arial,helvetica,sans-serif;\">pour \u00eatre une \u00ab&nbsp;<em>lettre du Christ<\/em>&nbsp;\u00bb,<\/span><\/p>\n<p><span style=\"font-family: tahoma,arial,helvetica,sans-serif;\">\u00e9crite avec ton Esprit.<\/span><\/p>\n<p><span style=\"font-family: tahoma,arial,helvetica,sans-serif;\">Quand vient l\u2019heure de relire hier<\/span><\/p>\n<p><span style=\"font-family: tahoma,arial,helvetica,sans-serif;\">Et de regarder vers demain,<\/span><\/p>\n<p><span style=\"font-family: tahoma,arial,helvetica,sans-serif;\">Que ce m\u00eame Esprit ouvre nos c\u0153urs<\/span><\/p>\n<p><span style=\"font-family: tahoma,arial,helvetica,sans-serif;\">pour que nos vies soient \u2018page d\u2019\u00e9vangile\u2019<\/span><\/p>\n<p><span style=\"font-family: tahoma,arial,helvetica,sans-serif;\">o\u00f9 chacun pourra lire<\/span><\/p>\n<p><span style=\"font-family: tahoma,arial,helvetica,sans-serif;\">une bonne nouvelle de paix, de solidarit\u00e9,<\/span><\/p>\n<p><span style=\"font-family: tahoma,arial,helvetica,sans-serif;\">de mis\u00e9ricorde.<\/span><\/p>\n<p>&nbsp;<\/p>\n<p><span style=\"font-family: tahoma,arial,helvetica,sans-serif;\">Esprit Saint,<\/span><\/p>\n<p><span style=\"font-family: tahoma,arial,helvetica,sans-serif;\">apprends-nous, chacune et en congr\u00e9gation<\/span><\/p>\n<p><span style=\"font-family: tahoma,arial,helvetica,sans-serif;\">\u00e0 discerner ce qui est bien<\/span><\/p>\n<p><span style=\"font-family: tahoma,arial,helvetica,sans-serif;\">et donne-nous le courage de l\u2019accomplir.<\/span><\/p>\n<p><span style=\"font-family: tahoma,arial,helvetica,sans-serif;\">Amen<\/span><\/p>\n<p>&nbsp;<\/p>\n","protected":false},"excerpt":{"rendered":"<p>&nbsp; Dieu notre P\u00e8re, tu nous as envoy\u00e9 J\u00e9sus ton Fils, pour \u00eatre avec nous, l\u2019un de nous. Nous te rendons gr\u00e2ce, car il a incarn\u00e9 ton visage d\u2019amour pour tous. &nbsp; Par le bapt\u00eame, tu nous as qualifi\u00e9es pour \u00eatre une \u00ab&nbsp;lettre du Christ&nbsp;\u00bb, \u00e9crite avec ton Esprit. Quand vient l\u2019heure de relire hier [&hellip;]<\/p>\n","protected":false},"author":4,"featured_media":0,"parent":0,"menu_order":0,"comment_status":"closed","ping_status":"closed","template":"","meta":{"ngg_post_thumbnail":0,"footnotes":""},"class_list":["post-10280","page","type-page","status-publish","hentry"],"_links":{"self":[{"href":"https:\/\/soeurs-de-stgildas-nantes.cef.fr\/index.php?rest_route=\/wp\/v2\/pages\/10280","targetHints":{"allow":["GET"]}}],"collection":[{"href":"https:\/\/soeurs-de-stgildas-nantes.cef.fr\/index.php?rest_route=\/wp\/v2\/pages"}],"about":[{"href":"https:\/\/soeurs-de-stgildas-nantes.cef.fr\/index.php?rest_route=\/wp\/v2\/types\/page"}],"author":[{"embeddable":true,"href":"https:\/\/soeurs-de-stgildas-nantes.cef.fr\/index.php?rest_route=\/wp\/v2\/users\/4"}],"replies":[{"embeddable":true,"href":"https:\/\/soeurs-de-stgildas-nantes.cef.fr\/index.php?rest_route=%2Fwp%2Fv2%2Fcomments&post=10280"}],"version-history":[{"count":4,"href":"https:\/\/soeurs-de-stgildas-nantes.cef.fr\/index.php?rest_route=\/wp\/v2\/pages\/10280\/revisions"}],"predecessor-version":[{"id":10291,"href":"https:\/\/soeurs-de-stgildas-nantes.cef.fr\/index.php?rest_route=\/wp\/v2\/pages\/10280\/revisions\/10291"}],"wp:attachment":[{"href":"https:\/\/soeurs-de-stgildas-nantes.cef.fr\/index.php?rest_route=%2Fwp%2Fv2%2Fmedia&parent=10280"}],"curies":[{"name":"wp","href":"https:\/\/api.w.org\/{rel}","templated":true}]}}